{"id":4175,"date":"2023-12-13T12:27:24","date_gmt":"2023-12-13T11:27:24","guid":{"rendered":"https:\/\/www.stlerici.it\/informations-donnees-personnelles\/"},"modified":"2024-05-31T09:55:25","modified_gmt":"2024-05-31T07:55:25","slug":"informations-donnees-personnelles","status":"publish","type":"page","link":"https:\/\/www.stlerici.it\/fr\/informations-donnees-personnelles\/","title":{"rendered":"Information sur le traitement des donn\u00e9es personnelles"},"content":{"rendered":"<div class=\"fusion-fullwidth fullwidth-box fusion-builder-row-1 fusion-flex-container has-pattern-background has-mask-background nonhundred-percent-fullwidth non-hundred-percent-height-scrolling\" style=\"--awb-border-radius-top-left:0px;--awb-border-radius-top-right:0px;--awb-border-radius-bottom-right:0px;--awb-border-radius-bottom-left:0px;--awb-padding-top:80px;--awb-padding-bottom:80px;--awb-padding-top-medium:60px;--awb-padding-bottom-medium:60px;--awb-padding-top-small:20px;--awb-padding-bottom-small:60px;--awb-background-color:var(--awb-color1);--awb-flex-wrap:wrap;\" ><div class=\"fusion-builder-row fusion-row fusion-flex-align-items-flex-start fusion-flex-justify-content-center fusion-flex-content-wrap\" style=\"max-width:1310.4px;margin-left: calc(-4% \/ 2 );margin-right: calc(-4% \/ 2 );\"><div class=\"fusion-layout-column fusion_builder_column fusion-builder-column-0 fusion_builder_column_3_4 3_4 fusion-flex-column\" style=\"--awb-bg-size:cover;--awb-width-large:75%;--awb-margin-top-large:20px;--awb-spacing-right-large:5.12%;--awb-margin-bottom-large:20px;--awb-spacing-left-large:2.56%;--awb-width-medium:50%;--awb-order-medium:0;--awb-spacing-right-medium:7.68%;--awb-spacing-left-medium:7.68%;--awb-width-small:100%;--awb-order-small:0;--awb-spacing-right-small:1.92%;--awb-margin-bottom-small:0px;--awb-spacing-left-small:1.92%;\"><div class=\"fusion-column-wrapper fusion-column-has-shadow fusion-flex-justify-content-flex-start fusion-content-layout-column\"><div class=\"fusion-text fusion-text-1\"><p>Conform\u00e9ment et dans le respect de la R\u00e9glementation Europ\u00e9enne en mati\u00e8re de Protection des Donn\u00e9es Personnelles, la soci\u00e9t\u00e9 vous fournit les informations suivantes:<\/p>\n<h3>Responsable du traitement<\/h3>\n<p>Le responsable du traitement des donn\u00e9es est:<br \/>\n<strong>Sviluppo Turistico Lerici Srl Unipersonale<\/strong> avec si\u00e8ge l\u00e9gal \u00e0 Lerici (SP) P.zza Bacigalupi n. 9<\/p>\n<p>Email: <a href=\"mailto:info@stlerici.it\">info@stlerici.it<\/a> \/ <a href=\"mailto:dpo@stlerici.it\">dpo@stlerici.it<\/a><br \/>\nPEC: <a href=\"mailto:sviluppoturisticolerici51@legalmail.it\">sviluppoturisticolerici51@legalmail.it<\/a><br \/>\nT\u00e9l\u00e9phone: +39 0187\/967840<\/p>\n<h3>Responsabile della protezione dei dati<\/h3>\n<p>Le responsable de la protection des donn\u00e9es conform\u00e9ment \u00e0 l&rsquo;Art. 37 du R\u00e8glement est : Dr. Rossella De Gregorio<\/p>\n<h3><strong>Finalit\u00e9 du traitement<br \/>\n<\/strong><\/h3>\n<p>Sviluppo Turistico Lerici Srl Unipersonale informe que les donn\u00e9es personnelles communiqu\u00e9es seront trait\u00e9es exclusivement dans le but de donner suite \u00e0 la demande de contact (pour plainte\/suggestions\/informations) Transmis par l&rsquo;utilisateur en remplissant le formulaire correspondant. La communication des donn\u00e9es est n\u00e9cessaire pour donner suite \u00e0 la demande.<\/p>\n<p>Ce traitement est fond\u00e9 sur les principes de l\u00e9galit\u00e9, de transparence et de protection de la confidentialit\u00e9 des informations communiqu\u00e9es.<\/p>\n<h3>Modes de traitement<\/h3>\n<p>Les donn\u00e9es personnelles peuvent \u00eatre trait\u00e9es de la mani\u00e8re suivante :<\/p>\n<ul>\n<li>traitement par le biais des syst\u00e8mes informatiques de l&rsquo;entreprise et r\u00e9ception du message par courrier \u00e9lectronique de l&rsquo;entreprise ;<\/li>\n<\/ul>\n<p>Chaque traitement est effectu\u00e9 conform\u00e9ment aux dispositions des articles 6 et 32 du RGPD, et en adoptant les mesures de s\u00e9curit\u00e9 appropri\u00e9es pr\u00e9vues.<\/p>\n<h3>Communication des donn\u00e9es personnelles<\/h3>\n<p>Les donn\u00e9es collect\u00e9es ne seront trait\u00e9es que par le personnel sp\u00e9cifiquement autoris\u00e9 par le Responsable du Traitement, en tant que responsable du traitement<\/p>\n<h3>Transfert des donn\u00e9es personnelles vers des pays tiers<\/h3>\n<p>Veuillez noter qu&rsquo;aucune donn\u00e9e personnelle de la personne concern\u00e9e ne sera transf\u00e9r\u00e9e vers un pays tiers en dehors de l&rsquo;Union europ\u00e9enne.<\/p>\n<h3>P\u00e9riode de conservation des donn\u00e9es<\/h3>\n<p>Les donn\u00e9es collect\u00e9es seront conserv\u00e9es aussi longtemps que n\u00e9cessaire pour traiter les demandes de service et seront supprim\u00e9es apr\u00e8s la cl\u00f4ture et\/ou l&rsquo;ex\u00e9cution de la r\u00e9clamation\/suggestion\/information.<\/p>\n<h3>Exercice des droits par la personne concern\u00e9e<\/h3>\n<p>La personne concern\u00e9e est inform\u00e9e que:<\/p>\n<p>Elle a le droit de demander \u00e0 l&rsquo;entreprise, en tant que responsable du traitement, l&rsquo;acc\u00e8s \u00e0 ses donn\u00e9es personnelles, la rectification ou la suppression de celles-ci, ou la limitation du traitement les concernant, ou de s&rsquo;opposer \u00e0 leur traitement, dans les cas pr\u00e9vus. Nous vous rappelons \u00e9galement votre droit \u00e0 la portabilit\u00e9 des donn\u00e9es. Vous avez \u00e9galement le droit de retirer votre consentement \u00e0 tout moment sans affecter la l\u00e9galit\u00e9 du traitement fond\u00e9 sur le consentement donn\u00e9 avant le retrait.<\/p>\n<p>Les droits susmentionn\u00e9s sont explicitement \u00e9num\u00e9r\u00e9s dans le r\u00e8glement europ\u00e9en 2016\/679, \u00e0 l&rsquo;article 15 &#8211; droit d&rsquo;acc\u00e8s de la personne concern\u00e9e ; \u00e0 l&rsquo;article 16 &#8211; droit de rectification ; \u00e0 l&rsquo;article 17 &#8211; droit \u00e0 l&rsquo;effacement (droit \u00e0 l&rsquo;oubli) ; \u00e0 l&rsquo;article 18 &#8211; droit \u00e0 la limitation du traitement ; \u00e0 l&rsquo;article 19 &#8211; obligation de notification en cas de rectification ou de suppression des donn\u00e9es personnelles ou de limitation du traitement ; \u00e0 l&rsquo;article 20 &#8211; droit \u00e0 la portabilit\u00e9 des donn\u00e9es ; \u00e0 l&rsquo;article 21 &#8211; droit d&rsquo;opposition ; la pr\u00e9sente est \u00e0 votre disposition pour fournir toute information compl\u00e9mentaire \u00e0 ce sujet.<\/p>\n<h3>Possibilit\u00e9 de r\u00e9clamation<\/h3>\n<p>La personne concern\u00e9e est inform\u00e9e que:<\/p>\n<p>Si elle estime que le traitement de ses donn\u00e9es enfreint la l\u00e9gislation en vigueur en mati\u00e8re de protection de la vie priv\u00e9e, conform\u00e9ment \u00e0 l&rsquo;article 77 du R\u00e8glement europ\u00e9en 2016\/679, elle a la possibilit\u00e9 de d\u00e9poser une plainte aupr\u00e8s de l&rsquo;autorit\u00e9 de contr\u00f4le.<\/p>\n<p>&nbsp;<\/p>\n<\/div><\/div><\/div><\/div><\/div>\n","protected":false},"excerpt":{"rendered":"","protected":false},"author":1,"featured_media":0,"parent":0,"menu_order":0,"comment_status":"closed","ping_status":"closed","template":"100-width.php","meta":{"footnotes":""},"acf":[],"yoast_head":"<!-- This site is optimized with the Yoast SEO plugin v21.7 - https:\/\/yoast.com\/wordpress\/plugins\/seo\/ -->\n<title>Information sur le traitement des donn\u00e9es personnelles | Sviluppo Turistico Lerici<\/title>\n<meta name=\"description\" content=\"Information sur le traitement des donn\u00e9es personnelles\" \/>\n<meta name=\"robots\" content=\"index, follow, max-snippet:-1, max-image-preview:large, max-video-preview:-1\" \/>\n<link rel=\"canonical\" href=\"https:\/\/www.stlerici.it\/informativa-privacy\/\" \/>\n<meta property=\"og:locale\" content=\"fr_FR\" \/>\n<meta property=\"og:type\" content=\"article\" \/>\n<meta property=\"og:title\" content=\"Information sur le traitement des donn\u00e9es personnelles | Sviluppo Turistico Lerici\" \/>\n<meta property=\"og:description\" content=\"Information sur le traitement des donn\u00e9es personnelles\" \/>\n<meta property=\"og:url\" content=\"https:\/\/www.stlerici.it\/informativa-privacy\/\" \/>\n<meta property=\"og:site_name\" content=\"Sviluppo Turistico Lerici\" \/>\n<meta property=\"article:modified_time\" content=\"2024-05-31T07:55:25+00:00\" \/>\n<meta property=\"og:image\" content=\"https:\/\/www.stlerici.it\/wp-content\/uploads\/2020\/09\/stl_sviluppo_turistico_lerici.png\" \/>\n\t<meta property=\"og:image:width\" content=\"165\" \/>\n\t<meta property=\"og:image:height\" content=\"115\" \/>\n\t<meta property=\"og:image:type\" content=\"image\/png\" \/>\n<meta name=\"twitter:card\" content=\"summary_large_image\" \/>\n<meta name=\"twitter:label1\" content=\"Dur\u00e9e de lecture estim\u00e9e\" \/>\n\t<meta name=\"twitter:data1\" content=\"7 minutes\" \/>\n<script type=\"application\/ld+json\" class=\"yoast-schema-graph\">{\"@context\":\"https:\/\/schema.org\",\"@graph\":[{\"@type\":\"WebPage\",\"@id\":\"https:\/\/www.stlerici.it\/informativa-privacy\/\",\"url\":\"https:\/\/www.stlerici.it\/informativa-privacy\/\",\"name\":\"Information sur le traitement des donn\u00e9es personnelles | Sviluppo Turistico Lerici\",\"isPartOf\":{\"@id\":\"https:\/\/www.stlerici.it\/#website\"},\"datePublished\":\"2023-12-13T11:27:24+00:00\",\"dateModified\":\"2024-05-31T07:55:25+00:00\",\"description\":\"Information sur le traitement des donn\u00e9es personnelles\",\"breadcrumb\":{\"@id\":\"https:\/\/www.stlerici.it\/informativa-privacy\/#breadcrumb\"},\"inLanguage\":\"fr-FR\",\"potentialAction\":[{\"@type\":\"ReadAction\",\"target\":[\"https:\/\/www.stlerici.it\/informativa-privacy\/\"]}]},{\"@type\":\"BreadcrumbList\",\"@id\":\"https:\/\/www.stlerici.it\/informativa-privacy\/#breadcrumb\",\"itemListElement\":[{\"@type\":\"ListItem\",\"position\":1,\"name\":\"Home\",\"item\":\"https:\/\/www.stlerici.it\/fr\/\"},{\"@type\":\"ListItem\",\"position\":2,\"name\":\"Information sur le traitement des donn\u00e9es personnelles\"}]},{\"@type\":\"WebSite\",\"@id\":\"https:\/\/www.stlerici.it\/#website\",\"url\":\"https:\/\/www.stlerici.it\/\",\"name\":\"Sviluppo Turistico Lerici\",\"description\":\"Societ\u00e0 di servizi nel Comune di Lerici\",\"publisher\":{\"@id\":\"https:\/\/www.stlerici.it\/#organization\"},\"alternateName\":\"STL\",\"potentialAction\":[{\"@type\":\"SearchAction\",\"target\":{\"@type\":\"EntryPoint\",\"urlTemplate\":\"https:\/\/www.stlerici.it\/?s={search_term_string}\"},\"query-input\":\"required name=search_term_string\"}],\"inLanguage\":\"fr-FR\"},{\"@type\":\"Organization\",\"@id\":\"https:\/\/www.stlerici.it\/#organization\",\"name\":\"Sviluppo Turistico Lerici\",\"url\":\"https:\/\/www.stlerici.it\/\",\"logo\":{\"@type\":\"ImageObject\",\"inLanguage\":\"fr-FR\",\"@id\":\"https:\/\/www.stlerici.it\/#\/schema\/logo\/image\/\",\"url\":\"https:\/\/www.stlerici.it\/wp-content\/uploads\/2020\/09\/stl_sviluppo_turistico_lerici.png\",\"contentUrl\":\"https:\/\/www.stlerici.it\/wp-content\/uploads\/2020\/09\/stl_sviluppo_turistico_lerici.png\",\"width\":165,\"height\":115,\"caption\":\"Sviluppo Turistico Lerici\"},\"image\":{\"@id\":\"https:\/\/www.stlerici.it\/#\/schema\/logo\/image\/\"}}]}<\/script>\n<!-- \/ Yoast SEO plugin. -->","yoast_head_json":{"title":"Information sur le traitement des donn\u00e9es personnelles | Sviluppo Turistico Lerici","description":"Information sur le traitement des donn\u00e9es personnelles","robots":{"index":"index","follow":"follow","max-snippet":"max-snippet:-1","max-image-preview":"max-image-preview:large","max-video-preview":"max-video-preview:-1"},"canonical":"https:\/\/www.stlerici.it\/informativa-privacy\/","og_locale":"fr_FR","og_type":"article","og_title":"Information sur le traitement des donn\u00e9es personnelles | Sviluppo Turistico Lerici","og_description":"Information sur le traitement des donn\u00e9es personnelles","og_url":"https:\/\/www.stlerici.it\/informativa-privacy\/","og_site_name":"Sviluppo Turistico Lerici","article_modified_time":"2024-05-31T07:55:25+00:00","og_image":[{"width":165,"height":115,"url":"https:\/\/www.stlerici.it\/wp-content\/uploads\/2020\/09\/stl_sviluppo_turistico_lerici.png","type":"image\/png"}],"twitter_card":"summary_large_image","twitter_misc":{"Dur\u00e9e de lecture estim\u00e9e":"7 minutes"},"schema":{"@context":"https:\/\/schema.org","@graph":[{"@type":"WebPage","@id":"https:\/\/www.stlerici.it\/informativa-privacy\/","url":"https:\/\/www.stlerici.it\/informativa-privacy\/","name":"Information sur le traitement des donn\u00e9es personnelles | Sviluppo Turistico Lerici","isPartOf":{"@id":"https:\/\/www.stlerici.it\/#website"},"datePublished":"2023-12-13T11:27:24+00:00","dateModified":"2024-05-31T07:55:25+00:00","description":"Information sur le traitement des donn\u00e9es personnelles","breadcrumb":{"@id":"https:\/\/www.stlerici.it\/informativa-privacy\/#breadcrumb"},"inLanguage":"fr-FR","potentialAction":[{"@type":"ReadAction","target":["https:\/\/www.stlerici.it\/informativa-privacy\/"]}]},{"@type":"BreadcrumbList","@id":"https:\/\/www.stlerici.it\/informativa-privacy\/#breadcrumb","itemListElement":[{"@type":"ListItem","position":1,"name":"Home","item":"https:\/\/www.stlerici.it\/fr\/"},{"@type":"ListItem","position":2,"name":"Information sur le traitement des donn\u00e9es personnelles"}]},{"@type":"WebSite","@id":"https:\/\/www.stlerici.it\/#website","url":"https:\/\/www.stlerici.it\/","name":"Sviluppo Turistico Lerici","description":"Societ\u00e0 di servizi nel Comune di Lerici","publisher":{"@id":"https:\/\/www.stlerici.it\/#organization"},"alternateName":"STL","potentialAction":[{"@type":"SearchAction","target":{"@type":"EntryPoint","urlTemplate":"https:\/\/www.stlerici.it\/?s={search_term_string}"},"query-input":"required name=search_term_string"}],"inLanguage":"fr-FR"},{"@type":"Organization","@id":"https:\/\/www.stlerici.it\/#organization","name":"Sviluppo Turistico Lerici","url":"https:\/\/www.stlerici.it\/","logo":{"@type":"ImageObject","inLanguage":"fr-FR","@id":"https:\/\/www.stlerici.it\/#\/schema\/logo\/image\/","url":"https:\/\/www.stlerici.it\/wp-content\/uploads\/2020\/09\/stl_sviluppo_turistico_lerici.png","contentUrl":"https:\/\/www.stlerici.it\/wp-content\/uploads\/2020\/09\/stl_sviluppo_turistico_lerici.png","width":165,"height":115,"caption":"Sviluppo Turistico Lerici"},"image":{"@id":"https:\/\/www.stlerici.it\/#\/schema\/logo\/image\/"}}]}},"_links":{"self":[{"href":"https:\/\/www.stlerici.it\/fr\/wp-json\/wp\/v2\/pages\/4175"}],"collection":[{"href":"https:\/\/www.stlerici.it\/fr\/wp-json\/wp\/v2\/pages"}],"about":[{"href":"https:\/\/www.stlerici.it\/fr\/wp-json\/wp\/v2\/types\/page"}],"author":[{"embeddable":true,"href":"https:\/\/www.stlerici.it\/fr\/wp-json\/wp\/v2\/users\/1"}],"replies":[{"embeddable":true,"href":"https:\/\/www.stlerici.it\/fr\/wp-json\/wp\/v2\/comments?post=4175"}],"version-history":[{"count":13,"href":"https:\/\/www.stlerici.it\/fr\/wp-json\/wp\/v2\/pages\/4175\/revisions"}],"predecessor-version":[{"id":4436,"href":"https:\/\/www.stlerici.it\/fr\/wp-json\/wp\/v2\/pages\/4175\/revisions\/4436"}],"wp:attachment":[{"href":"https:\/\/www.stlerici.it\/fr\/wp-json\/wp\/v2\/media?parent=4175"}],"curies":[{"name":"wp","href":"https:\/\/api.w.org\/{rel}","templated":true}]}}